{"id":3750,"date":"2019-08-01T09:13:29","date_gmt":"2019-08-01T09:13:29","guid":{"rendered":"https:\/\/www.vitoneco.com\/corporate\/"},"modified":"2023-06-15T15:08:13","modified_gmt":"2023-06-15T15:08:13","slug":"azienda","status":"publish","type":"page","link":"https:\/\/www.vitoneco.com\/it\/azienda\/","title":{"rendered":"Azienda"},"content":{"rendered":"\t\t<div data-elementor-type=\"wp-post\" data-elementor-id=\"3750\" class=\"elementor elementor-3750 elementor-288\" data-elementor-post-type=\"page\">\n\t\t\t\t\t\t<section class=\"elementor-section elementor-top-section elementor-element elementor-element-7509010 elementor-section-height-min-height elementor-section-boxed elementor-section-height-default elementor-section-items-middle\" data-id=\"7509010\" data-element_type=\"section\" data-settings=\"{&quot;background_background&quot;:&quot;classic&quot;}\">\n\t\t\t\t\t\t\t<div class=\"elementor-background-overlay\"><\/div>\n\t\t\t\t\t\t\t<div class=\"elementor-container elementor-column-gap-default\">\n\t\t\t\t\t<div class=\"elementor-column elementor-col-100 elementor-top-column elementor-element elementor-element-26d0718\" data-id=\"26d0718\" data-element_type=\"column\">\n\t\t\t<div class=\"elementor-widget-wrap elementor-element-populated\">\n\t\t\t\t\t\t<div class=\"elementor-element elementor-element-b28c499 elementor-align-left elementor-widget elementor-widget-global elementor-global-3098 elementor-widget-breadcrumbs\" data-id=\"b28c499\" data-element_type=\"widget\" data-widget_type=\"breadcrumbs.default\">\n\t\t\t\t<div class=\"elementor-widget-container\">\n\t\t\t<link rel=\"stylesheet\" href=\"https:\/\/www.vitoneco.com\/wp-content\/plugins\/elementor-pro\/assets\/css\/widget-theme-elements.min.css\"><p id=\"breadcrumbs\"><span><span><a href=\"https:\/\/www.vitoneco.com\/it\/\">Home<\/a><\/span><\/span><\/p>\t\t<\/div>\n\t\t\t\t<\/div>\n\t\t\t\t\t<\/div>\n\t\t<\/div>\n\t\t\t\t\t<\/div>\n\t\t<\/section>\n\t\t\t\t<section class=\"elementor-section elementor-top-section elementor-element elementor-element-6f540c3 elementor-section-boxed elementor-section-height-default elementor-section-height-default\" data-id=\"6f540c3\" data-element_type=\"section\">\n\t\t\t\t\t\t<div class=\"elementor-container elementor-column-gap-wide\">\n\t\t\t\t\t<div class=\"elementor-column elementor-col-50 elementor-top-column elementor-element elementor-element-b9ac7a3\" data-id=\"b9ac7a3\" data-element_type=\"column\">\n\t\t\t<div class=\"elementor-widget-wrap elementor-element-populated\">\n\t\t\t\t\t\t<div class=\"elementor-element elementor-element-cb6f463 elementor-widget elementor-widget-iheading\" data-id=\"cb6f463\" data-element_type=\"widget\" data-widget_type=\"iheading.default\">\n\t\t\t\t<div class=\"elementor-widget-container\">\n\t\t\t\t\t<div class=\"section-head\">\r\n\t        \t            <h6 class=\"text-primary\">Vocazione industriale<\/h6>\r\n\t        \t        <h2 class=\"section-title\"><b>PROFILO<\/b><br> aziendale <span class=\"text-primary\"><\/span><\/h2>\r\n\t        \t    <\/div>\r\n\t    \t\t<\/div>\n\t\t\t\t<\/div>\n\t\t\t\t<div class=\"elementor-element elementor-element-fb21171 elementor-widget elementor-widget-text-editor\" data-id=\"fb21171\" data-element_type=\"widget\" data-widget_type=\"text-editor.default\">\n\t\t\t\t<div class=\"elementor-widget-container\">\n\t\t\t<style>\/*! elementor - v3.20.0 - 26-03-2024 *\/\n.elementor-widget-text-editor.elementor-drop-cap-view-stacked .elementor-drop-cap{background-color:#69727d;color:#fff}.elementor-widget-text-editor.elementor-drop-cap-view-framed .elementor-drop-cap{color:#69727d;border:3px solid;background-color:transparent}.elementor-widget-text-editor:not(.elementor-drop-cap-view-default) .elementor-drop-cap{margin-top:8px}.elementor-widget-text-editor:not(.elementor-drop-cap-view-default) .elementor-drop-cap-letter{width:1em;height:1em}.elementor-widget-text-editor .elementor-drop-cap{float:left;text-align:center;line-height:1;font-size:50px}.elementor-widget-text-editor .elementor-drop-cap-letter{display:inline-block}<\/style>\t\t\t\t<p>Vitone Eco \u00e8 l\u2019eredit\u00e0 industriale di una famiglia di ambiziosi imprenditori che, oltre un secolo fa, cominciarono a costruire macchine da frantoio Era il 1904.<\/p>\n<p>Vitone Eco \u00e8 l\u2019eredit\u00e0 industriale di una famiglia di ambiziosi imprenditori che, oltre un secolo fa, cominciarono a costruire macchine da frantoio Era il 1904. Da l\u00ec a poco, le avrebbero esportate in tutto il mondo.<\/p>\n<p>Grazie al patrimonio di conoscenze trasmesse dagli antenati, gli eredi hanno consolidato la posizione di leadership nel settore oleario, adattandosi ai cambiamenti intervenuti nella propria arena competitiva, ed esteso progressivamente il business a settori tecnologicamente affini all\u2019elaiotecnica, come il trattamento di reflui urbani e industriali, perseguendo una strategia di sviluppo del mercato.<\/p>\n<p>Grazie al patrimonio di conoscenze trasmesse dagli antenati, gli eredi hanno consolidato la posizione di leadership nel settore oleario, adattandosi ai cambiamenti intervenuti nella propria arena competitiva, ed esteso progressivamente il business a settori tecnologicamente affini all\u2019elaiotecnica, come il trattamento di reflui urbani e industriali, perseguendo una strategia di sviluppo del mercato. Oggi Vitone Eco costruisce centrifughe ad asse orizzontale (decanter) e separatori verticali, per separare diversi tipi diversi di fluidi e rimuovendone le parti solide. La gamma di prodotti dell&#8217;azienda comprende poli-preparatori e trasportatori a coclea.<\/p>\n\t\t\t\t\t\t<\/div>\n\t\t\t\t<\/div>\n\t\t\t\t\t<\/div>\n\t\t<\/div>\n\t\t\t\t<div class=\"elementor-column elementor-col-50 elementor-top-column elementor-element elementor-element-300363c\" data-id=\"300363c\" data-element_type=\"column\">\n\t\t\t<div class=\"elementor-widget-wrap elementor-element-populated\">\n\t\t\t\t\t\t<div class=\"elementor-element elementor-element-c93d9b2 elementor-widget elementor-widget-image\" data-id=\"c93d9b2\" data-element_type=\"widget\" data-widget_type=\"image.default\">\n\t\t\t\t<div class=\"elementor-widget-container\">\n\t\t\t<style>\/*! elementor - v3.20.0 - 26-03-2024 *\/\n.elementor-widget-image{text-align:center}.elementor-widget-image a{display:inline-block}.elementor-widget-image a img[src$=\".svg\"]{width:48px}.elementor-widget-image img{vertical-align:middle;display:inline-block}<\/style>\t\t\t\t\t\t\t\t\t\t<img fetchpriority=\"high\" decoding=\"async\" width=\"600\" height=\"650\" src=\"https:\/\/www.vitoneco.com\/wp-content\/uploads\/2023\/04\/CORPORATE_VITONE-ECO-4.jpg\" class=\"attachment-full size-full wp-image-3632\" alt=\"\" srcset=\"https:\/\/www.vitoneco.com\/wp-content\/uploads\/2023\/04\/CORPORATE_VITONE-ECO-4.jpg 600w, https:\/\/www.vitoneco.com\/wp-content\/uploads\/2023\/04\/CORPORATE_VITONE-ECO-4-277x300.jpg 277w\" sizes=\"(max-width: 600px) 100vw, 600px\" \/>\t\t\t\t\t\t\t\t\t\t\t\t\t<\/div>\n\t\t\t\t<\/div>\n\t\t\t\t\t<\/div>\n\t\t<\/div>\n\t\t\t\t\t<\/div>\n\t\t<\/section>\n\t\t\t\t<section class=\"elementor-section elementor-top-section elementor-element elementor-element-7ec361f elementor-section-content-middle elementor-section-boxed elementor-section-height-default elementor-section-height-default\" data-id=\"7ec361f\" data-element_type=\"section\" data-settings=\"{&quot;background_background&quot;:&quot;classic&quot;}\">\n\t\t\t\t\t\t<div class=\"elementor-container elementor-column-gap-extended\">\n\t\t\t\t\t<div class=\"elementor-column elementor-col-50 elementor-top-column elementor-element elementor-element-7f463e9\" data-id=\"7f463e9\" data-element_type=\"column\">\n\t\t\t<div class=\"elementor-widget-wrap elementor-element-populated\">\n\t\t\t\t\t\t<div class=\"elementor-element elementor-element-a2edba5 elementor-widget elementor-widget-image\" data-id=\"a2edba5\" data-element_type=\"widget\" data-widget_type=\"image.default\">\n\t\t\t\t<div class=\"elementor-widget-container\">\n\t\t\t\t\t\t\t\t\t\t\t\t\t<img decoding=\"async\" width=\"2400\" height=\"2400\" src=\"https:\/\/www.vitoneco.com\/wp-content\/uploads\/2023\/04\/CORPORATE_VITONE-ECO-2.jpg\" class=\"attachment-full size-full wp-image-3630\" alt=\"\" srcset=\"https:\/\/www.vitoneco.com\/wp-content\/uploads\/2023\/04\/CORPORATE_VITONE-ECO-2.jpg 2400w, https:\/\/www.vitoneco.com\/wp-content\/uploads\/2023\/04\/CORPORATE_VITONE-ECO-2-300x300.jpg 300w, https:\/\/www.vitoneco.com\/wp-content\/uploads\/2023\/04\/CORPORATE_VITONE-ECO-2-1024x1024.jpg 1024w, https:\/\/www.vitoneco.com\/wp-content\/uploads\/2023\/04\/CORPORATE_VITONE-ECO-2-150x150.jpg 150w, https:\/\/www.vitoneco.com\/wp-content\/uploads\/2023\/04\/CORPORATE_VITONE-ECO-2-768x768.jpg 768w, https:\/\/www.vitoneco.com\/wp-content\/uploads\/2023\/04\/CORPORATE_VITONE-ECO-2-1536x1536.jpg 1536w, https:\/\/www.vitoneco.com\/wp-content\/uploads\/2023\/04\/CORPORATE_VITONE-ECO-2-2048x2048.jpg 2048w, https:\/\/www.vitoneco.com\/wp-content\/uploads\/2023\/04\/CORPORATE_VITONE-ECO-2-66x66.jpg 66w\" sizes=\"(max-width: 2400px) 100vw, 2400px\" \/>\t\t\t\t\t\t\t\t\t\t\t\t\t<\/div>\n\t\t\t\t<\/div>\n\t\t\t\t\t<\/div>\n\t\t<\/div>\n\t\t\t\t<div class=\"elementor-column elementor-col-50 elementor-top-column elementor-element elementor-element-5dfc2be\" data-id=\"5dfc2be\" data-element_type=\"column\">\n\t\t\t<div class=\"elementor-widget-wrap elementor-element-populated\">\n\t\t\t\t\t\t<div class=\"elementor-element elementor-element-3f14a79 elementor-widget elementor-widget-heading\" data-id=\"3f14a79\" data-element_type=\"widget\" data-widget_type=\"heading.default\">\n\t\t\t\t<div class=\"elementor-widget-container\">\n\t\t\t<style>\/*! elementor - v3.20.0 - 26-03-2024 *\/\n.elementor-heading-title{padding:0;margin:0;line-height:1}.elementor-widget-heading .elementor-heading-title[class*=elementor-size-]>a{color:inherit;font-size:inherit;line-height:inherit}.elementor-widget-heading .elementor-heading-title.elementor-size-small{font-size:15px}.elementor-widget-heading .elementor-heading-title.elementor-size-medium{font-size:19px}.elementor-widget-heading .elementor-heading-title.elementor-size-large{font-size:29px}.elementor-widget-heading .elementor-heading-title.elementor-size-xl{font-size:39px}.elementor-widget-heading .elementor-heading-title.elementor-size-xxl{font-size:59px}<\/style><h4 class=\"elementor-heading-title elementor-size-default\">\"Cerchiamo di gestire la nostra azienda secondo i pi\u00f9 elevati standard possibili di trasparenza, responsabilit\u00e0 e condotta etica. Riteniamo che un'efficace governance aziendale sia il fondamento di un'azienda ben gestita\".<\/h4>\t\t<\/div>\n\t\t\t\t<\/div>\n\t\t\t\t<div class=\"elementor-element elementor-element-4090cd5 elementor-widget elementor-widget-heading\" data-id=\"4090cd5\" data-element_type=\"widget\" data-widget_type=\"heading.default\">\n\t\t\t\t<div class=\"elementor-widget-container\">\n\t\t\t<h6 class=\"elementor-heading-title elementor-size-default\">Gaetano Vitone<\/h6>\t\t<\/div>\n\t\t\t\t<\/div>\n\t\t\t\t<div class=\"elementor-element elementor-element-e68c8f3 elementor-widget elementor-widget-heading\" data-id=\"e68c8f3\" data-element_type=\"widget\" data-widget_type=\"heading.default\">\n\t\t\t\t<div class=\"elementor-widget-container\">\n\t\t\t<p class=\"elementor-heading-title elementor-size-default\">AMMINISTRATORE DELEGATO<\/p>\t\t<\/div>\n\t\t\t\t<\/div>\n\t\t\t\t\t<\/div>\n\t\t<\/div>\n\t\t\t\t\t<\/div>\n\t\t<\/section>\n\t\t\t\t<section class=\"elementor-section elementor-top-section elementor-element elementor-element-7e32ece elementor-section-content-middle elementor-reverse-mobile elementor-section-boxed elementor-section-height-default elementor-section-height-default\" data-id=\"7e32ece\" data-element_type=\"section\">\n\t\t\t\t\t\t<div class=\"elementor-container elementor-column-gap-no\">\n\t\t\t\t\t<div class=\"elementor-column elementor-col-50 elementor-top-column elementor-element elementor-element-1b28235\" data-id=\"1b28235\" data-element_type=\"column\" data-settings=\"{&quot;background_background&quot;:&quot;classic&quot;}\">\n\t\t\t<div class=\"elementor-widget-wrap elementor-element-populated\">\n\t\t\t\t\t\t<div class=\"elementor-element elementor-element-d52ac77 elementor-widget elementor-widget-image\" data-id=\"d52ac77\" data-element_type=\"widget\" data-widget_type=\"image.default\">\n\t\t\t\t<div class=\"elementor-widget-container\">\n\t\t\t\t\t\t\t\t\t\t\t\t\t<img decoding=\"async\" width=\"1707\" height=\"2560\" src=\"https:\/\/www.vitoneco.com\/wp-content\/uploads\/2023\/04\/CORPORATE_VITONE-ECO-1-scaled.jpg\" class=\"attachment-full size-full wp-image-3629\" alt=\"\" srcset=\"https:\/\/www.vitoneco.com\/wp-content\/uploads\/2023\/04\/CORPORATE_VITONE-ECO-1-scaled.jpg 1707w, https:\/\/www.vitoneco.com\/wp-content\/uploads\/2023\/04\/CORPORATE_VITONE-ECO-1-200x300.jpg 200w, https:\/\/www.vitoneco.com\/wp-content\/uploads\/2023\/04\/CORPORATE_VITONE-ECO-1-683x1024.jpg 683w, https:\/\/www.vitoneco.com\/wp-content\/uploads\/2023\/04\/CORPORATE_VITONE-ECO-1-768x1152.jpg 768w, https:\/\/www.vitoneco.com\/wp-content\/uploads\/2023\/04\/CORPORATE_VITONE-ECO-1-1024x1536.jpg 1024w, https:\/\/www.vitoneco.com\/wp-content\/uploads\/2023\/04\/CORPORATE_VITONE-ECO-1-1365x2048.jpg 1365w\" sizes=\"(max-width: 1707px) 100vw, 1707px\" \/>\t\t\t\t\t\t\t\t\t\t\t\t\t<\/div>\n\t\t\t\t<\/div>\n\t\t\t\t\t<\/div>\n\t\t<\/div>\n\t\t\t\t<div class=\"elementor-column elementor-col-50 elementor-top-column elementor-element elementor-element-dcebdf7\" data-id=\"dcebdf7\" data-element_type=\"column\">\n\t\t\t<div class=\"elementor-widget-wrap elementor-element-populated\">\n\t\t\t\t\t\t<div class=\"elementor-element elementor-element-065b013 elementor-widget elementor-widget-iheading\" data-id=\"065b013\" data-element_type=\"widget\" data-widget_type=\"iheading.default\">\n\t\t\t\t<div class=\"elementor-widget-container\">\n\t\t\t\t\t<div class=\"section-head\">\r\n\t        \t            <h6 class=\"text-primary\">IMPEGNO AZIENDALE<\/h6>\r\n\t        \t        <h2 class=\"section-title\"><b>RESPONSABILIT\u00c0 SOCIALE<\/b><br>coscienza ambientale <span class=\"text-primary\"><\/span><\/h2>\r\n\t        \t    <\/div>\r\n\t    \t\t<\/div>\n\t\t\t\t<\/div>\n\t\t\t\t<div class=\"elementor-element elementor-element-3a3042f elementor-widget elementor-widget-text-editor\" data-id=\"3a3042f\" data-element_type=\"widget\" data-widget_type=\"text-editor.default\">\n\t\t\t\t<div class=\"elementor-widget-container\">\n\t\t\t\t\t\t\t<p>C&#8217;\u00e8 un equilibrio tra crescita economica, benessere sociale e protezione dell&#8217;ambiente.<\/p>\n<p>Ed \u00e8 nostro compito inderogabile contribuire a mantenerlo o a ripristinarlo, ove compromesso.<\/p>\n<p>Riconoscendo la responsabilit\u00e0 sociale che ci compete in quanto organizzazione economica, perseguiamo l&#8217;idea di una crescita sostenibile in due direzioni.<\/p>\n<p>La prima \u00e8 implicita nella nostra missione di costruire tecnologie progressivamente scevre da prodotti di scarto, ovvero da elementi che non siano pienamente recuperabili nella vita e nei cicli economici. Fino a quando il 100% degli scarti della nostra attivit\u00e0 non sar\u00e0 reimpiegabile nei nostri processi o, almeno, restituibile, alla disponibilit\u00e0 dell&#8217;uomo, per le sue necessit\u00e0 vitali, non considereremo compiuta la nostra missione.<\/p>\n<p>La seconda direzione \u00e8 rappresentata dal codice di comportamento cui abbiamo spontaneamente aderito: ogni decisione che possiamo assumere, cos\u00ec come ogni azione che possiamo intraprendere, devono essere previamente convalidate eticamente. Se possono causare danni alla societ\u00e0 o all&#8217;ambiente, sono giudicate socialmente irresponsabili e, quindi, respinte <em>a priori<\/em>.<\/p>\n\t\t\t\t\t\t<\/div>\n\t\t\t\t<\/div>\n\t\t\t\t\t<\/div>\n\t\t<\/div>\n\t\t\t\t\t<\/div>\n\t\t<\/section>\n\t\t\t\t<\/div>\n\t\t","protected":false},"excerpt":{"rendered":"<p>Vocazione industriale PROFILO aziendale Vitone Eco \u00e8 l\u2019eredit\u00e0 industriale di una famiglia di ambiziosi imprenditori che, oltre un secolo fa, cominciarono a costruire macchine da frantoio Era il 1904. Vitone Eco \u00e8 l\u2019eredit\u00e0 industriale di una famiglia di ambiziosi imprenditori che, oltre un secolo fa, cominciarono a costruire macchine da frantoio Era il 1904. Da [&hellip;]<\/p>\n","protected":false},"author":1,"featured_media":0,"parent":0,"menu_order":0,"comment_status":"closed","ping_status":"closed","template":"","meta":{"iawp_total_views":0,"footnotes":""},"class_list":["post-3750","page","type-page","status-publish","hentry"],"yoast_head":"<!-- This site is optimized with the Yoast SEO plugin v27.3 - https:\/\/yoast.com\/product\/yoast-seo-wordpress\/ -->\n<title>Azienda - Vitoneco<\/title>\n<meta name=\"robots\" content=\"index, follow, max-snippet:-1, max-image-preview:large, max-video-preview:-1\" \/>\n<link rel=\"canonical\" href=\"https:\/\/www.vitoneco.com\/it\/azienda\/\" \/>\n<meta property=\"og:locale\" content=\"it_IT\" \/>\n<meta property=\"og:type\" content=\"article\" \/>\n<meta property=\"og:title\" content=\"Azienda - Vitoneco\" \/>\n<meta property=\"og:description\" content=\"Vocazione industriale PROFILO aziendale Vitone Eco \u00e8 l\u2019eredit\u00e0 industriale di una famiglia di ambiziosi imprenditori che, oltre un secolo fa, cominciarono a costruire macchine da frantoio Era il 1904. Vitone Eco \u00e8 l\u2019eredit\u00e0 industriale di una famiglia di ambiziosi imprenditori che, oltre un secolo fa, cominciarono a costruire macchine da frantoio Era il 1904. Da [&hellip;]\" \/>\n<meta property=\"og:url\" content=\"https:\/\/www.vitoneco.com\/it\/azienda\/\" \/>\n<meta property=\"og:site_name\" content=\"Vitoneco\" \/>\n<meta property=\"article:publisher\" content=\"https:\/\/www.facebook.com\/vitoneco\" \/>\n<meta property=\"article:modified_time\" content=\"2023-06-15T15:08:13+00:00\" \/>\n<meta property=\"og:image\" content=\"https:\/\/www.vitoneco.com\/wp-content\/uploads\/2023\/04\/CORPORATE_VITONE-ECO-4.jpg\" \/>\n<meta name=\"twitter:card\" content=\"summary_large_image\" \/>\n<meta name=\"twitter:label1\" content=\"Tempo di lettura stimato\" \/>\n\t<meta name=\"twitter:data1\" content=\"3 minuti\" \/>\n<script type=\"application\/ld+json\" class=\"yoast-schema-graph\">{\"@context\":\"https:\\\/\\\/schema.org\",\"@graph\":[{\"@type\":\"WebPage\",\"@id\":\"https:\\\/\\\/www.vitoneco.com\\\/it\\\/azienda\\\/\",\"url\":\"https:\\\/\\\/www.vitoneco.com\\\/it\\\/azienda\\\/\",\"name\":\"Azienda - Vitoneco\",\"isPartOf\":{\"@id\":\"https:\\\/\\\/www.vitoneco.com\\\/it\\\/#website\"},\"primaryImageOfPage\":{\"@id\":\"https:\\\/\\\/www.vitoneco.com\\\/it\\\/azienda\\\/#primaryimage\"},\"image\":{\"@id\":\"https:\\\/\\\/www.vitoneco.com\\\/it\\\/azienda\\\/#primaryimage\"},\"thumbnailUrl\":\"https:\\\/\\\/www.vitoneco.com\\\/wp-content\\\/uploads\\\/2023\\\/04\\\/CORPORATE_VITONE-ECO-4.jpg\",\"datePublished\":\"2019-08-01T09:13:29+00:00\",\"dateModified\":\"2023-06-15T15:08:13+00:00\",\"breadcrumb\":{\"@id\":\"https:\\\/\\\/www.vitoneco.com\\\/it\\\/azienda\\\/#breadcrumb\"},\"inLanguage\":\"it-IT\",\"potentialAction\":[{\"@type\":\"ReadAction\",\"target\":[\"https:\\\/\\\/www.vitoneco.com\\\/it\\\/azienda\\\/\"]}]},{\"@type\":\"ImageObject\",\"inLanguage\":\"it-IT\",\"@id\":\"https:\\\/\\\/www.vitoneco.com\\\/it\\\/azienda\\\/#primaryimage\",\"url\":\"https:\\\/\\\/www.vitoneco.com\\\/wp-content\\\/uploads\\\/2023\\\/04\\\/CORPORATE_VITONE-ECO-4.jpg\",\"contentUrl\":\"https:\\\/\\\/www.vitoneco.com\\\/wp-content\\\/uploads\\\/2023\\\/04\\\/CORPORATE_VITONE-ECO-4.jpg\"},{\"@type\":\"BreadcrumbList\",\"@id\":\"https:\\\/\\\/www.vitoneco.com\\\/it\\\/azienda\\\/#breadcrumb\",\"itemListElement\":[{\"@type\":\"ListItem\",\"position\":1,\"name\":\"Home\",\"item\":\"https:\\\/\\\/www.vitoneco.com\\\/it\\\/\"},{\"@type\":\"ListItem\",\"position\":2,\"name\":\"Azienda\"}]},{\"@type\":\"WebSite\",\"@id\":\"https:\\\/\\\/www.vitoneco.com\\\/it\\\/#website\",\"url\":\"https:\\\/\\\/www.vitoneco.com\\\/it\\\/\",\"name\":\"Vitoneco\",\"description\":\"\",\"publisher\":{\"@id\":\"https:\\\/\\\/www.vitoneco.com\\\/it\\\/#organization\"},\"potentialAction\":[{\"@type\":\"SearchAction\",\"target\":{\"@type\":\"EntryPoint\",\"urlTemplate\":\"https:\\\/\\\/www.vitoneco.com\\\/it\\\/?s={search_term_string}\"},\"query-input\":{\"@type\":\"PropertyValueSpecification\",\"valueRequired\":true,\"valueName\":\"search_term_string\"}}],\"inLanguage\":\"it-IT\"},{\"@type\":\"Organization\",\"@id\":\"https:\\\/\\\/www.vitoneco.com\\\/it\\\/#organization\",\"name\":\"Vitoneco\",\"url\":\"https:\\\/\\\/www.vitoneco.com\\\/it\\\/\",\"logo\":{\"@type\":\"ImageObject\",\"inLanguage\":\"it-IT\",\"@id\":\"https:\\\/\\\/www.vitoneco.com\\\/it\\\/#\\\/schema\\\/logo\\\/image\\\/\",\"url\":\"https:\\\/\\\/www.vitoneco.com\\\/wp-content\\\/uploads\\\/2023\\\/03\\\/LOGO_vitone-eco-since-1904_sito-web.png\",\"contentUrl\":\"https:\\\/\\\/www.vitoneco.com\\\/wp-content\\\/uploads\\\/2023\\\/03\\\/LOGO_vitone-eco-since-1904_sito-web.png\",\"width\":5850,\"height\":1360,\"caption\":\"Vitoneco\"},\"image\":{\"@id\":\"https:\\\/\\\/www.vitoneco.com\\\/it\\\/#\\\/schema\\\/logo\\\/image\\\/\"},\"sameAs\":[\"https:\\\/\\\/www.facebook.com\\\/vitoneco\"]}]}<\/script>\n<!-- \/ Yoast SEO plugin. -->","yoast_head_json":{"title":"Azienda - Vitoneco","robots":{"index":"index","follow":"follow","max-snippet":"max-snippet:-1","max-image-preview":"max-image-preview:large","max-video-preview":"max-video-preview:-1"},"canonical":"https:\/\/www.vitoneco.com\/it\/azienda\/","og_locale":"it_IT","og_type":"article","og_title":"Azienda - Vitoneco","og_description":"Vocazione industriale PROFILO aziendale Vitone Eco \u00e8 l\u2019eredit\u00e0 industriale di una famiglia di ambiziosi imprenditori che, oltre un secolo fa, cominciarono a costruire macchine da frantoio Era il 1904. Vitone Eco \u00e8 l\u2019eredit\u00e0 industriale di una famiglia di ambiziosi imprenditori che, oltre un secolo fa, cominciarono a costruire macchine da frantoio Era il 1904. Da [&hellip;]","og_url":"https:\/\/www.vitoneco.com\/it\/azienda\/","og_site_name":"Vitoneco","article_publisher":"https:\/\/www.facebook.com\/vitoneco","article_modified_time":"2023-06-15T15:08:13+00:00","og_image":[{"url":"https:\/\/www.vitoneco.com\/wp-content\/uploads\/2023\/04\/CORPORATE_VITONE-ECO-4.jpg","type":"","width":"","height":""}],"twitter_card":"summary_large_image","twitter_misc":{"Tempo di lettura stimato":"3 minuti"},"schema":{"@context":"https:\/\/schema.org","@graph":[{"@type":"WebPage","@id":"https:\/\/www.vitoneco.com\/it\/azienda\/","url":"https:\/\/www.vitoneco.com\/it\/azienda\/","name":"Azienda - Vitoneco","isPartOf":{"@id":"https:\/\/www.vitoneco.com\/it\/#website"},"primaryImageOfPage":{"@id":"https:\/\/www.vitoneco.com\/it\/azienda\/#primaryimage"},"image":{"@id":"https:\/\/www.vitoneco.com\/it\/azienda\/#primaryimage"},"thumbnailUrl":"https:\/\/www.vitoneco.com\/wp-content\/uploads\/2023\/04\/CORPORATE_VITONE-ECO-4.jpg","datePublished":"2019-08-01T09:13:29+00:00","dateModified":"2023-06-15T15:08:13+00:00","breadcrumb":{"@id":"https:\/\/www.vitoneco.com\/it\/azienda\/#breadcrumb"},"inLanguage":"it-IT","potentialAction":[{"@type":"ReadAction","target":["https:\/\/www.vitoneco.com\/it\/azienda\/"]}]},{"@type":"ImageObject","inLanguage":"it-IT","@id":"https:\/\/www.vitoneco.com\/it\/azienda\/#primaryimage","url":"https:\/\/www.vitoneco.com\/wp-content\/uploads\/2023\/04\/CORPORATE_VITONE-ECO-4.jpg","contentUrl":"https:\/\/www.vitoneco.com\/wp-content\/uploads\/2023\/04\/CORPORATE_VITONE-ECO-4.jpg"},{"@type":"BreadcrumbList","@id":"https:\/\/www.vitoneco.com\/it\/azienda\/#breadcrumb","itemListElement":[{"@type":"ListItem","position":1,"name":"Home","item":"https:\/\/www.vitoneco.com\/it\/"},{"@type":"ListItem","position":2,"name":"Azienda"}]},{"@type":"WebSite","@id":"https:\/\/www.vitoneco.com\/it\/#website","url":"https:\/\/www.vitoneco.com\/it\/","name":"Vitoneco","description":"","publisher":{"@id":"https:\/\/www.vitoneco.com\/it\/#organization"},"potentialAction":[{"@type":"SearchAction","target":{"@type":"EntryPoint","urlTemplate":"https:\/\/www.vitoneco.com\/it\/?s={search_term_string}"},"query-input":{"@type":"PropertyValueSpecification","valueRequired":true,"valueName":"search_term_string"}}],"inLanguage":"it-IT"},{"@type":"Organization","@id":"https:\/\/www.vitoneco.com\/it\/#organization","name":"Vitoneco","url":"https:\/\/www.vitoneco.com\/it\/","logo":{"@type":"ImageObject","inLanguage":"it-IT","@id":"https:\/\/www.vitoneco.com\/it\/#\/schema\/logo\/image\/","url":"https:\/\/www.vitoneco.com\/wp-content\/uploads\/2023\/03\/LOGO_vitone-eco-since-1904_sito-web.png","contentUrl":"https:\/\/www.vitoneco.com\/wp-content\/uploads\/2023\/03\/LOGO_vitone-eco-since-1904_sito-web.png","width":5850,"height":1360,"caption":"Vitoneco"},"image":{"@id":"https:\/\/www.vitoneco.com\/it\/#\/schema\/logo\/image\/"},"sameAs":["https:\/\/www.facebook.com\/vitoneco"]}]}},"_links":{"self":[{"href":"https:\/\/www.vitoneco.com\/it\/wp-json\/wp\/v2\/pages\/3750","targetHints":{"allow":["GET"]}}],"collection":[{"href":"https:\/\/www.vitoneco.com\/it\/wp-json\/wp\/v2\/pages"}],"about":[{"href":"https:\/\/www.vitoneco.com\/it\/wp-json\/wp\/v2\/types\/page"}],"author":[{"embeddable":true,"href":"https:\/\/www.vitoneco.com\/it\/wp-json\/wp\/v2\/users\/1"}],"replies":[{"embeddable":true,"href":"https:\/\/www.vitoneco.com\/it\/wp-json\/wp\/v2\/comments?post=3750"}],"version-history":[{"count":5,"href":"https:\/\/www.vitoneco.com\/it\/wp-json\/wp\/v2\/pages\/3750\/revisions"}],"predecessor-version":[{"id":3959,"href":"https:\/\/www.vitoneco.com\/it\/wp-json\/wp\/v2\/pages\/3750\/revisions\/3959"}],"wp:attachment":[{"href":"https:\/\/www.vitoneco.com\/it\/wp-json\/wp\/v2\/media?parent=3750"}],"curies":[{"name":"wp","href":"https:\/\/api.w.org\/{rel}","templated":true}]}}