{"id":3832,"date":"2023-03-23T16:25:53","date_gmt":"2023-03-23T16:25:53","guid":{"rendered":"https:\/\/www.vitoneco.com\/privacy-policy\/"},"modified":"2023-06-19T09:37:59","modified_gmt":"2023-06-19T09:37:59","slug":"privacy","status":"publish","type":"page","link":"https:\/\/www.vitoneco.com\/it\/privacy\/","title":{"rendered":"Privacy"},"content":{"rendered":"\t\t<div data-elementor-type=\"wp-page\" data-elementor-id=\"3832\" class=\"elementor elementor-3832 elementor-3\" data-elementor-post-type=\"page\">\n\t\t\t\t\t\t<section class=\"elementor-section elementor-top-section elementor-element elementor-element-4a1d715 elementor-section-height-min-height elementor-section-boxed elementor-section-height-default elementor-section-items-middle\" data-id=\"4a1d715\" data-element_type=\"section\" data-settings=\"{&quot;background_background&quot;:&quot;classic&quot;}\">\n\t\t\t\t\t\t\t<div class=\"elementor-background-overlay\"><\/div>\n\t\t\t\t\t\t\t<div class=\"elementor-container elementor-column-gap-default\">\n\t\t\t\t\t<div class=\"elementor-column elementor-col-100 elementor-top-column elementor-element elementor-element-2f71969\" data-id=\"2f71969\" data-element_type=\"column\">\n\t\t\t<div class=\"elementor-widget-wrap elementor-element-populated\">\n\t\t\t\t\t\t<div class=\"elementor-element elementor-element-38414cb elementor-widget elementor-widget-heading\" data-id=\"38414cb\" data-element_type=\"widget\" data-widget_type=\"heading.default\">\n\t\t\t\t<div class=\"elementor-widget-container\">\n\t\t\t<style>\/*! elementor - v3.20.0 - 26-03-2024 *\/\n.elementor-heading-title{padding:0;margin:0;line-height:1}.elementor-widget-heading .elementor-heading-title[class*=elementor-size-]>a{color:inherit;font-size:inherit;line-height:inherit}.elementor-widget-heading .elementor-heading-title.elementor-size-small{font-size:15px}.elementor-widget-heading .elementor-heading-title.elementor-size-medium{font-size:19px}.elementor-widget-heading .elementor-heading-title.elementor-size-large{font-size:29px}.elementor-widget-heading .elementor-heading-title.elementor-size-xl{font-size:39px}.elementor-widget-heading .elementor-heading-title.elementor-size-xxl{font-size:59px}<\/style><h2 class=\"elementor-heading-title elementor-size-default\">Privacy<\/h2>\t\t<\/div>\n\t\t\t\t<\/div>\n\t\t\t\t<div class=\"elementor-element elementor-element-b397f4f elementor-align-left elementor-widget elementor-widget-global elementor-global-3098 elementor-widget-breadcrumbs\" data-id=\"b397f4f\" data-element_type=\"widget\" data-widget_type=\"breadcrumbs.default\">\n\t\t\t\t<div class=\"elementor-widget-container\">\n\t\t\t<link rel=\"stylesheet\" href=\"https:\/\/www.vitoneco.com\/wp-content\/plugins\/elementor-pro\/assets\/css\/widget-theme-elements.min.css\"><p id=\"breadcrumbs\"><span><span><a href=\"https:\/\/www.vitoneco.com\/it\/\">Home<\/a><\/span><\/span><\/p>\t\t<\/div>\n\t\t\t\t<\/div>\n\t\t\t\t\t<\/div>\n\t\t<\/div>\n\t\t\t\t\t<\/div>\n\t\t<\/section>\n\t\t\t\t<section class=\"elementor-section elementor-top-section elementor-element elementor-element-69ff873e elementor-section-boxed elementor-section-height-default elementor-section-height-default\" data-id=\"69ff873e\" data-element_type=\"section\">\n\t\t\t\t\t\t<div class=\"elementor-container elementor-column-gap-default\">\n\t\t\t\t\t<div class=\"elementor-column elementor-col-100 elementor-top-column elementor-element elementor-element-36e6652e\" data-id=\"36e6652e\" data-element_type=\"column\">\n\t\t\t<div class=\"elementor-widget-wrap elementor-element-populated\">\n\t\t\t\t\t\t<div class=\"elementor-element elementor-element-2904b52a elementor-widget elementor-widget-text-editor\" data-id=\"2904b52a\" data-element_type=\"widget\" data-widget_type=\"text-editor.default\">\n\t\t\t\t<div class=\"elementor-widget-container\">\n\t\t\t<style>\/*! elementor - v3.20.0 - 26-03-2024 *\/\n.elementor-widget-text-editor.elementor-drop-cap-view-stacked .elementor-drop-cap{background-color:#69727d;color:#fff}.elementor-widget-text-editor.elementor-drop-cap-view-framed .elementor-drop-cap{color:#69727d;border:3px solid;background-color:transparent}.elementor-widget-text-editor:not(.elementor-drop-cap-view-default) .elementor-drop-cap{margin-top:8px}.elementor-widget-text-editor:not(.elementor-drop-cap-view-default) .elementor-drop-cap-letter{width:1em;height:1em}.elementor-widget-text-editor .elementor-drop-cap{float:left;text-align:center;line-height:1;font-size:50px}.elementor-widget-text-editor .elementor-drop-cap-letter{display:inline-block}<\/style>\t\t\t\t<p><strong>INFORMATIVA PRIVACY<\/strong><\/p><p><strong>FINALIT\u00c0 E MODALIT\u00c0 DEL TRATTAMENTO DEI DATI PERSONALI<\/strong><\/p><p>I dati personali (\u201cDati\u201d) raccolti da VITONE ECO S.R.L. sono trattati per le seguenti finalit\u00e0:<br \/>a) fornire il servizio richiesto, ovvero adempiere alla richiesta d\u2019informazioni su prodotti e servizi, oppure valutare la candidatura dell\u2019interessato a posizioni lavorative eventualmente aperte in VITONE ECO S.R.L., a seconda del form utilizzato;<br \/>b) previo consenso dell\u2019interessato, inviare comunicazioni commerciali e\/o promozionali su prodotti e servizi di VITONE ECO S.R.L., nonch\u00e9 effettuare ricerche di mercato (\u201cMarketing\u201d);<br \/>d) previo consenso dell\u2019interessato, analizzarne comportamenti, abitudini e propensioni al consumo, al fine di migliorare prodotti e servizi forniti da VITONE ECO S.R.L., nonch\u00e9 per soddisfare le specifiche esigenze dell\u2019interessato. (\u201cProfilazione\u201d);<br \/>e) previo consenso dell\u2019interessato, comunicare i Dati ad aziende partner di VITONE ECO S.R.L. appartenenti ai settori del marketing e della comunicazione, che li potranno trattare per inviare comunicazioni commerciali e\/o promozionali su prodotti, servizi, eventi ed altre iniziative delle VITONE ECO S.R.L., nonch\u00e9 effettuare ricerche di mercato (\u201cMarketing terze Parti\u201d).<br \/>Il trattamento dei Dati per ciascuna delle finalit\u00e0 di cui sopra potr\u00e0 avvenire con modalit\u00e0 cartacee, automatizzate o elettroniche e, in particolare, a mezzo email.<\/p><p><strong>CONSEGUENZE DELL&#8217;EVENTUALE MANCATO CONFERIMENTO DEI DATI<\/strong><\/p><p>Il conferimento dei Dati \u00e8 facoltativo. Tuttavia, il mancato conferimento dei Dati contrassegnati come obbligatori, comporter\u00e0 l\u2019impossibilit\u00e0 di erogare il Servizio, mentre il mancato conferimento dei dati non obbligatori potr\u00e0 pregiudicare il desiderato adempimento del servizio richiesto.<\/p><p><strong>ALTRI SOGGETTI CHE POSSONO TRATTARE I DATI<\/strong><\/p><p>I Dati potranno essere trattati da soggetti operanti per conto della VITONE ECO S.R.L. ed in forza di specifici vincoli contrattuali, in Paesi membri UE o extra UE.<br \/>I Dati potranno essere comunicati a terzi per adempiere ad obblighi di legge, per rispettare ordini provenienti da pubbliche autorit\u00e0 o per esercitare un diritto della VITONE ECO S.R.L. in sede giudiziaria.<\/p><p><strong>TRASFERIMENTO DEI DATI AL DI FUORI DELLO SPAZIO ECONOMICO EUROPEO (SEE)<\/strong><\/p><p>Nell&#8217;ambito dei rapporti contrattuali di VITONE ECO S.R.L. i Dati potranno essere trasferiti al di fuori del territorio dello Spazio Economico Europeo (SEE), anche mediante l&#8217;inserimento degli stessi in database gestiti da societ\u00e0 terze, operanti per conto di VITONE ECO S.R.L.. La gestione dei database ed il trattamento dei Dati sono vincolati alle finalit\u00e0 per cui gli stessi sono stati raccolti ed avvengono nel massimo rispetto della legge applicabile sulla protezione dei dati personali.<br \/>Tutte le volte in cui i Dati dovessero essere oggetto di trasferimento al di fuori del SEE, VITONE ECO S.R.L. adotter\u00e0 ogni misura idonea e necessaria a garantire un adeguato livello di protezione dei Dati, inclusi &#8211; tra gli altri &#8211; gli accordi basati sulle clausole contrattuali standard per il trasferimento dei dati al di fuori del SEE, approvate dalla Commissione Europea.<\/p><p><strong>TITOLARE DEL TRATTAMENTO E RESPONSABILE PROTEZIONE DEI DATI<\/strong><\/p><p>Titolare del trattamento \u00e8 VITONE ECO S.R.L, con sede in<\/p><p>S.p. 231 km 7,400,<br \/>70032 Bitonto (BA) &#8211; Italia.<\/p><p>L\u2019interessato pu\u00f2 contattare il Responsabile della Protezione dei Dati o Data Protection Officer all\u2019indirizzo email\u00a0<a href=\"mailto:info@vitoneco.com\">info@vitoneco.com<\/a>.<\/p><p><strong>CONSERVAZIONE DEI DATI<\/strong><\/p><p>I Dati trattati per fornire il Servizio saranno conservati da VITONE ECO S.R.L. per il periodo ritenuto strettamente necessario a conseguire le finalit\u00e0 anzi elencate.<br \/>I Dati trattati per finalit\u00e0 di Marketing e Profilazione saranno conservati da VITONE ECO S.R.L. dal momento in cui l\u2019interessato ha fornito il proprio consenso fino a che tale consenso non sar\u00e0 revocato. Nel caso in cui il consenso venisse revocato, i Dati non potranno pi\u00f9 essere trattati per le citate finalit\u00e0 di Marketing e Profilazione ma potrebbero essere ancora conservati al fine di gestire eventuali contestazioni e\/o contenziosi. Il tempo di conservazione dei Dati per finalit\u00e0 di Marketing e Profilazione previsto da VITONE ECO S.R.L. \u00e8 conforme alle norme locali nonch\u00e9 ai provvedimenti dell\u2019Autorit\u00e0 Garante per la Protezione dei Dati Personali.<\/p><p><strong>I DIRITTI DELL\u2019INTERESSATO<\/strong><\/p><p>All\u2019interessato sono riconosciuti i seguenti diritti:<br \/>1. diritto di accesso, ossia il diritto di ottenere da VITONE ECO S.R.L. la conferma che sia o meno in corso il trattamento dei Dati e, in tal caso, di ottenerne l&#8217;accesso;<br \/>2. diritto di rettifica e cancellazione, ossia il diritto di ottenere la rettifica di Dati inesatti e\/o l&#8217;integrazione di Dati incompleti o la cancellazione dei Dati per motivi legittimi;<br \/>3. diritto alla limitazione del trattamento, ossia il diritto a richiedere la sospensione del trattamento qualora sussistano motivi legittimi;<br \/>4. diritto alla portabilit\u00e0 dei dati, ossia il diritto di ricevere in un formato strutturato, di uso comune e leggibile i Dati, nonch\u00e9 il diritto di trasmettere i Dati ad un altro titolare del trattamento;<br \/>5. diritto di opposizione, ossia il diritto opporsi al trattamento dei Dati qualora sussistano motivi legittimi, ivi compresi i trattamenti di Dati per finalit\u00e0 di marketing e profilazione, se previsti;<br \/>6. diritto di rivolgersi all&#8217;autorit\u00e0 per la protezione dei dati competente in caso di trattamento illecito dei Dati.<br \/>L\u2019interessato potr\u00e0 esercitare i diritti sopra elencati scrivendo a<\/p><p>VITONE ECO S.R.L.<strong><br \/><\/strong>S.p. 231 km 7,400,<br \/>70032 Bitonto (BA) &#8211; Italy.<br \/>oppure all\u2019indirizzo email\u00a0<a href=\"mailto:info@vitoneco.com\">info@vitoneco.com<\/a>.<\/p>\t\t\t\t\t\t<\/div>\n\t\t\t\t<\/div>\n\t\t\t\t\t<\/div>\n\t\t<\/div>\n\t\t\t\t\t<\/div>\n\t\t<\/section>\n\t\t\t\t<\/div>\n\t\t","protected":false},"excerpt":{"rendered":"<p>Privacy INFORMATIVA PRIVACY FINALIT\u00c0 E MODALIT\u00c0 DEL TRATTAMENTO DEI DATI PERSONALI I dati personali (\u201cDati\u201d) raccolti da VITONE ECO S.R.L. sono trattati per le seguenti finalit\u00e0:a) fornire il servizio richiesto, ovvero adempiere alla richiesta d\u2019informazioni su prodotti e servizi, oppure valutare la candidatura dell\u2019interessato a posizioni lavorative eventualmente aperte in VITONE ECO S.R.L., a seconda [&hellip;]<\/p>\n","protected":false},"author":1,"featured_media":0,"parent":0,"menu_order":0,"comment_status":"closed","ping_status":"open","template":"","meta":{"iawp_total_views":0,"footnotes":""},"class_list":["post-3832","page","type-page","status-publish","hentry"],"yoast_head":"<!-- This site is optimized with the Yoast SEO plugin v27.6 - https:\/\/yoast.com\/product\/yoast-seo-wordpress\/ -->\n<title>Privacy - Vitoneco<\/title>\n<meta name=\"robots\" content=\"index, follow, max-snippet:-1, max-image-preview:large, max-video-preview:-1\" \/>\n<link rel=\"canonical\" href=\"https:\/\/www.vitoneco.com\/it\/privacy\/\" \/>\n<meta property=\"og:locale\" content=\"it_IT\" \/>\n<meta property=\"og:type\" content=\"article\" \/>\n<meta property=\"og:title\" content=\"Privacy - Vitoneco\" \/>\n<meta property=\"og:description\" content=\"Privacy INFORMATIVA PRIVACY FINALIT\u00c0 E MODALIT\u00c0 DEL TRATTAMENTO DEI DATI PERSONALI I dati personali (\u201cDati\u201d) raccolti da VITONE ECO S.R.L. sono trattati per le seguenti finalit\u00e0:a) fornire il servizio richiesto, ovvero adempiere alla richiesta d\u2019informazioni su prodotti e servizi, oppure valutare la candidatura dell\u2019interessato a posizioni lavorative eventualmente aperte in VITONE ECO S.R.L., a seconda [&hellip;]\" \/>\n<meta property=\"og:url\" content=\"https:\/\/www.vitoneco.com\/it\/privacy\/\" \/>\n<meta property=\"og:site_name\" content=\"Vitoneco\" \/>\n<meta property=\"article:publisher\" content=\"https:\/\/www.facebook.com\/vitoneco\" \/>\n<meta property=\"article:modified_time\" content=\"2023-06-19T09:37:59+00:00\" \/>\n<meta name=\"twitter:card\" content=\"summary_large_image\" \/>\n<meta name=\"twitter:label1\" content=\"Tempo di lettura stimato\" \/>\n\t<meta name=\"twitter:data1\" content=\"5 minuti\" \/>\n<script type=\"application\/ld+json\" class=\"yoast-schema-graph\">{\"@context\":\"https:\\\/\\\/schema.org\",\"@graph\":[{\"@type\":\"WebPage\",\"@id\":\"https:\\\/\\\/www.vitoneco.com\\\/it\\\/privacy\\\/\",\"url\":\"https:\\\/\\\/www.vitoneco.com\\\/it\\\/privacy\\\/\",\"name\":\"Privacy - Vitoneco\",\"isPartOf\":{\"@id\":\"https:\\\/\\\/www.vitoneco.com\\\/it\\\/#website\"},\"datePublished\":\"2023-03-23T16:25:53+00:00\",\"dateModified\":\"2023-06-19T09:37:59+00:00\",\"breadcrumb\":{\"@id\":\"https:\\\/\\\/www.vitoneco.com\\\/it\\\/privacy\\\/#breadcrumb\"},\"inLanguage\":\"it-IT\",\"potentialAction\":[{\"@type\":\"ReadAction\",\"target\":[\"https:\\\/\\\/www.vitoneco.com\\\/it\\\/privacy\\\/\"]}]},{\"@type\":\"BreadcrumbList\",\"@id\":\"https:\\\/\\\/www.vitoneco.com\\\/it\\\/privacy\\\/#breadcrumb\",\"itemListElement\":[{\"@type\":\"ListItem\",\"position\":1,\"name\":\"Home\",\"item\":\"https:\\\/\\\/www.vitoneco.com\\\/it\\\/\"},{\"@type\":\"ListItem\",\"position\":2,\"name\":\"Privacy\"}]},{\"@type\":\"WebSite\",\"@id\":\"https:\\\/\\\/www.vitoneco.com\\\/it\\\/#website\",\"url\":\"https:\\\/\\\/www.vitoneco.com\\\/it\\\/\",\"name\":\"Vitoneco\",\"description\":\"\",\"publisher\":{\"@id\":\"https:\\\/\\\/www.vitoneco.com\\\/it\\\/#organization\"},\"potentialAction\":[{\"@type\":\"SearchAction\",\"target\":{\"@type\":\"EntryPoint\",\"urlTemplate\":\"https:\\\/\\\/www.vitoneco.com\\\/it\\\/?s={search_term_string}\"},\"query-input\":{\"@type\":\"PropertyValueSpecification\",\"valueRequired\":true,\"valueName\":\"search_term_string\"}}],\"inLanguage\":\"it-IT\"},{\"@type\":\"Organization\",\"@id\":\"https:\\\/\\\/www.vitoneco.com\\\/it\\\/#organization\",\"name\":\"Vitoneco\",\"url\":\"https:\\\/\\\/www.vitoneco.com\\\/it\\\/\",\"logo\":{\"@type\":\"ImageObject\",\"inLanguage\":\"it-IT\",\"@id\":\"https:\\\/\\\/www.vitoneco.com\\\/it\\\/#\\\/schema\\\/logo\\\/image\\\/\",\"url\":\"https:\\\/\\\/www.vitoneco.com\\\/wp-content\\\/uploads\\\/2023\\\/03\\\/LOGO_vitone-eco-since-1904_sito-web.png\",\"contentUrl\":\"https:\\\/\\\/www.vitoneco.com\\\/wp-content\\\/uploads\\\/2023\\\/03\\\/LOGO_vitone-eco-since-1904_sito-web.png\",\"width\":5850,\"height\":1360,\"caption\":\"Vitoneco\"},\"image\":{\"@id\":\"https:\\\/\\\/www.vitoneco.com\\\/it\\\/#\\\/schema\\\/logo\\\/image\\\/\"},\"sameAs\":[\"https:\\\/\\\/www.facebook.com\\\/vitoneco\"]}]}<\/script>\n<!-- \/ Yoast SEO plugin. -->","yoast_head_json":{"title":"Privacy - Vitoneco","robots":{"index":"index","follow":"follow","max-snippet":"max-snippet:-1","max-image-preview":"max-image-preview:large","max-video-preview":"max-video-preview:-1"},"canonical":"https:\/\/www.vitoneco.com\/it\/privacy\/","og_locale":"it_IT","og_type":"article","og_title":"Privacy - Vitoneco","og_description":"Privacy INFORMATIVA PRIVACY FINALIT\u00c0 E MODALIT\u00c0 DEL TRATTAMENTO DEI DATI PERSONALI I dati personali (\u201cDati\u201d) raccolti da VITONE ECO S.R.L. sono trattati per le seguenti finalit\u00e0:a) fornire il servizio richiesto, ovvero adempiere alla richiesta d\u2019informazioni su prodotti e servizi, oppure valutare la candidatura dell\u2019interessato a posizioni lavorative eventualmente aperte in VITONE ECO S.R.L., a seconda [&hellip;]","og_url":"https:\/\/www.vitoneco.com\/it\/privacy\/","og_site_name":"Vitoneco","article_publisher":"https:\/\/www.facebook.com\/vitoneco","article_modified_time":"2023-06-19T09:37:59+00:00","twitter_card":"summary_large_image","twitter_misc":{"Tempo di lettura stimato":"5 minuti"},"schema":{"@context":"https:\/\/schema.org","@graph":[{"@type":"WebPage","@id":"https:\/\/www.vitoneco.com\/it\/privacy\/","url":"https:\/\/www.vitoneco.com\/it\/privacy\/","name":"Privacy - Vitoneco","isPartOf":{"@id":"https:\/\/www.vitoneco.com\/it\/#website"},"datePublished":"2023-03-23T16:25:53+00:00","dateModified":"2023-06-19T09:37:59+00:00","breadcrumb":{"@id":"https:\/\/www.vitoneco.com\/it\/privacy\/#breadcrumb"},"inLanguage":"it-IT","potentialAction":[{"@type":"ReadAction","target":["https:\/\/www.vitoneco.com\/it\/privacy\/"]}]},{"@type":"BreadcrumbList","@id":"https:\/\/www.vitoneco.com\/it\/privacy\/#breadcrumb","itemListElement":[{"@type":"ListItem","position":1,"name":"Home","item":"https:\/\/www.vitoneco.com\/it\/"},{"@type":"ListItem","position":2,"name":"Privacy"}]},{"@type":"WebSite","@id":"https:\/\/www.vitoneco.com\/it\/#website","url":"https:\/\/www.vitoneco.com\/it\/","name":"Vitoneco","description":"","publisher":{"@id":"https:\/\/www.vitoneco.com\/it\/#organization"},"potentialAction":[{"@type":"SearchAction","target":{"@type":"EntryPoint","urlTemplate":"https:\/\/www.vitoneco.com\/it\/?s={search_term_string}"},"query-input":{"@type":"PropertyValueSpecification","valueRequired":true,"valueName":"search_term_string"}}],"inLanguage":"it-IT"},{"@type":"Organization","@id":"https:\/\/www.vitoneco.com\/it\/#organization","name":"Vitoneco","url":"https:\/\/www.vitoneco.com\/it\/","logo":{"@type":"ImageObject","inLanguage":"it-IT","@id":"https:\/\/www.vitoneco.com\/it\/#\/schema\/logo\/image\/","url":"https:\/\/www.vitoneco.com\/wp-content\/uploads\/2023\/03\/LOGO_vitone-eco-since-1904_sito-web.png","contentUrl":"https:\/\/www.vitoneco.com\/wp-content\/uploads\/2023\/03\/LOGO_vitone-eco-since-1904_sito-web.png","width":5850,"height":1360,"caption":"Vitoneco"},"image":{"@id":"https:\/\/www.vitoneco.com\/it\/#\/schema\/logo\/image\/"},"sameAs":["https:\/\/www.facebook.com\/vitoneco"]}]}},"_links":{"self":[{"href":"https:\/\/www.vitoneco.com\/it\/wp-json\/wp\/v2\/pages\/3832","targetHints":{"allow":["GET"]}}],"collection":[{"href":"https:\/\/www.vitoneco.com\/it\/wp-json\/wp\/v2\/pages"}],"about":[{"href":"https:\/\/www.vitoneco.com\/it\/wp-json\/wp\/v2\/types\/page"}],"author":[{"embeddable":true,"href":"https:\/\/www.vitoneco.com\/it\/wp-json\/wp\/v2\/users\/1"}],"replies":[{"embeddable":true,"href":"https:\/\/www.vitoneco.com\/it\/wp-json\/wp\/v2\/comments?post=3832"}],"version-history":[{"count":5,"href":"https:\/\/www.vitoneco.com\/it\/wp-json\/wp\/v2\/pages\/3832\/revisions"}],"predecessor-version":[{"id":4047,"href":"https:\/\/www.vitoneco.com\/it\/wp-json\/wp\/v2\/pages\/3832\/revisions\/4047"}],"wp:attachment":[{"href":"https:\/\/www.vitoneco.com\/it\/wp-json\/wp\/v2\/media?parent=3832"}],"curies":[{"name":"wp","href":"https:\/\/api.w.org\/{rel}","templated":true}]}}